{"id":3191,"date":"2021-04-01T05:48:24","date_gmt":"2021-04-01T05:48:24","guid":{"rendered":"http:\/\/localhost\/decorzo\/?page_id=3191"},"modified":"2023-10-23T19:39:10","modified_gmt":"2023-10-23T19:39:10","slug":"3d-tjanster","status":"publish","type":"page","link":"https:\/\/3dteam.se\/no\/3d-tjanster\/","title":{"rendered":"Tjenester"},"content":{"rendered":"<div data-elementor-type=\"wp-page\" data-elementor-id=\"3191\" class=\"elementor elementor-3191\">\n\t\t\t\t\t\t\t\t\t<section class=\"elementor-section elementor-top-section elementor-element elementor-element-d1926a2 tm-column-break-ipad-yes elementor-section-stretched tm-col-stretched-none elementor-section-boxed elementor-section-height-default elementor-section-height-default\" data-id=\"d1926a2\" data-element_type=\"section\" data-settings=\"{&quot;stretch_section&quot;:&quot;section-stretched&quot;}\">\n\t\t\t\t\t\t<div class=\"elementor-container elementor-column-gap-no\">\n\t\t\t\t\t<div class=\"elementor-column elementor-col-50 elementor-top-column elementor-element elementor-element-ba67f8e\" data-id=\"ba67f8e\" data-element_type=\"column\">\n\t\t\t<div class=\"elementor-widget-wrap elementor-element-populated\">\n\t\t\t\t\t\t\t\t<div class=\"elementor-element elementor-element-f6bc469 tm-align-left elementor-widget elementor-widget-tm_heading\" data-id=\"f6bc469\" data-element_type=\"widget\" data-widget_type=\"tm_heading.default\">\n\t\t\t\t<div class=\"elementor-widget-container\">\n\t\t\t<div class=\"tm-element-heading-content-wrapper left-align tm-reverse-heading-yes tm-seperator-solid tm-content-with-desc tm-heading-style-vertical\"><div class=\"tm-content-header\"><h4 class=\"tm-element-subheading\">\n\t\t\t\tOm 3D-tjenester\n\t\t\t<\/h4>\n\t\t<h2 class=\"tm-element-content-heading\">\n\t\t\t\tFordeler med 3D-visualisering innen arkitektur og design\n\t\t\t<\/h2>\n\t\t<\/div><div class=\"tm-element-content-desctxt\">3D-visualisering revolusjonerer arkitektur og design ved \u00e5 skape realistiske digitale representasjoner. Denne teknologien gir \u00f8kt innsikt og forst\u00e5else av utseendet og f\u00f8lelsen til et prosjekt. Ved \u00e5 bruke 3D-visualisering kan arkitekter og designere effektivt kommunisere ideer og lage imponerende presentasjoner for kundene sine.<\/div><\/div>\t\t<\/div>\n\t\t\t\t<\/div>\n\t\t\t\t<div class=\"elementor-element elementor-element-efc98e7 elementor-widget elementor-widget-text-editor\" data-id=\"efc98e7\" data-element_type=\"widget\" data-widget_type=\"text-editor.default\">\n\t\t\t\t<div class=\"elementor-widget-container\">\n\t\t\t<style>\/*! elementor - v3.17.0 - 01-11-2023 *\/\n.elementor-widget-text-editor.elementor-drop-cap-view-stacked .elementor-drop-cap{background-color:#69727d;color:#fff}.elementor-widget-text-editor.elementor-drop-cap-view-framed .elementor-drop-cap{color:#69727d;border:3px solid;background-color:transparent}.elementor-widget-text-editor:not(.elementor-drop-cap-view-default) .elementor-drop-cap{margin-top:8px}.elementor-widget-text-editor:not(.elementor-drop-cap-view-default) .elementor-drop-cap-letter{width:1em;height:1em}.elementor-widget-text-editor .elementor-drop-cap{float:left;text-align:center;line-height:1;font-size:50px}.elementor-widget-text-editor .elementor-drop-cap-letter{display:inline-block}<\/style>\t\t\t\t\t\t\t\t\t\t<\/div>\n\t\t\t\t<\/div>\n\t\t\t\t\t<\/div>\n\t\t<\/div>\n\t\t\t\t<div class=\"elementor-column elementor-col-50 elementor-top-column elementor-element elementor-element-01af9ad\" data-id=\"01af9ad\" data-element_type=\"column\" data-settings=\"{&quot;background_background&quot;:&quot;classic&quot;}\">\n\t\t\t<div class=\"elementor-widget-wrap elementor-element-populated\">\n\t\t\t\t\t\t\t\t<div class=\"elementor-element elementor-element-4e700a7 elementor-widget elementor-widget-image\" data-id=\"4e700a7\" data-element_type=\"widget\" data-widget_type=\"image.default\">\n\t\t\t\t<div class=\"elementor-widget-container\">\n\t\t\t<style>\/*! elementor - v3.17.0 - 01-11-2023 *\/\n.elementor-widget-image{text-align:center}.elementor-widget-image a{display:inline-block}.elementor-widget-image a img[src$=\".svg\"]{width:48px}.elementor-widget-image img{vertical-align:middle;display:inline-block}<\/style>\t\t\t\t\t\t\t\t\t\t\t\t<img loading=\"lazy\" decoding=\"async\" width=\"1295\" height=\"728\" src=\"https:\/\/3dteam.se\/wp-content\/uploads\/2023\/07\/hyreslagenheter_vasteras_01.jpg\" class=\"attachment-full size-full wp-image-10669\" alt=\"\" srcset=\"https:\/\/3dteam.se\/wp-content\/uploads\/2023\/07\/hyreslagenheter_vasteras_01.jpg 1295w, https:\/\/3dteam.se\/wp-content\/uploads\/2023\/07\/hyreslagenheter_vasteras_01-300x169.jpg 300w, https:\/\/3dteam.se\/wp-content\/uploads\/2023\/07\/hyreslagenheter_vasteras_01-1024x576.jpg 1024w, https:\/\/3dteam.se\/wp-content\/uploads\/2023\/07\/hyreslagenheter_vasteras_01-768x432.jpg 768w\" sizes=\"auto, (max-width: 1295px) 100vw, 1295px\" data-id=\"10669\" \/>\t\t\t\t\t\t\t\t\t\t\t\t\t\t\t<\/div>\n\t\t\t\t<\/div>\n\t\t\t\t\t<\/div>\n\t\t<\/div>\n\t\t\t\t\t\t\t<\/div>\n\t\t<\/section>\n\t\t\t\t<section class=\"elementor-section elementor-top-section elementor-element elementor-element-6af0afb5 elementor-section-stretched tm-column-break-ipad-yes tm-bgcolor-darkgrey tm-col-stretched-none elementor-section-boxed elementor-section-height-default elementor-section-height-default\" data-id=\"6af0afb5\" data-element_type=\"section\" data-settings=\"{&quot;stretch_section&quot;:&quot;section-stretched&quot;,&quot;background_background&quot;:&quot;classic&quot;}\">\n\t\t\t\t\t\t\t<div class=\"elementor-background-overlay\"><\/div>\n\t\t\t\t\t\t\t<div class=\"elementor-container elementor-column-gap-no\">\n\t\t\t\t\t<div class=\"elementor-column elementor-col-100 elementor-top-column elementor-element elementor-element-3978d483\" data-id=\"3978d483\" data-element_type=\"column\">\n\t\t\t<div class=\"elementor-widget-wrap elementor-element-populated\">\n\t\t\t\t\t\t\t\t<section class=\"elementor-section elementor-inner-section elementor-element elementor-element-124eae5d tm-column-break-ipad-no tm-col-stretched-none elementor-section-boxed elementor-section-height-default elementor-section-height-default\" data-id=\"124eae5d\" data-element_type=\"section\">\n\t\t\t\t\t\t<div class=\"elementor-container elementor-column-gap-no\">\n\t\t\t\t\t<div class=\"elementor-column elementor-col-33 elementor-inner-column elementor-element elementor-element-22cac017\" data-id=\"22cac017\" data-element_type=\"column\">\n\t\t\t<div class=\"elementor-widget-wrap elementor-element-populated\">\n\t\t\t\t\t\t\t\t<div class=\"elementor-element elementor-element-394b12fd tm-align-left elementor-widget elementor-widget-tm_heading\" data-id=\"394b12fd\" data-element_type=\"widget\" data-widget_type=\"tm_heading.default\">\n\t\t\t\t<div class=\"elementor-widget-container\">\n\t\t\t<div class=\"tm-element-heading-content-wrapper left-align tm-reverse-heading-yes tm-seperator-solid tm-content-with-desc tm-heading-style-vertical\"><div class=\"tm-content-header\"><h4 class=\"tm-element-subheading\">\n\t\t\t\t3D-tjenester\n\t\t\t<\/h4>\n\t\t<h2 class=\"tm-element-content-heading\">\n\t\t\t\tV\u00e5re 3D-tjenester\n\t\t\t<\/h2>\n\t\t<\/div><div class=\"tm-element-content-desctxt\">Vi tilbyr rimelige 3D-tjenester av h\u00f8y kvalitet. Send oss \u200b\u200ben skisse eller plan og fasadetegninger, s\u00e5 kontakter vi deg med et tilbud innen 24 timer, skreddersydd for ditt spesifikke form\u00e5l. Vi ser frem til \u00e5 h\u00f8re fra deg!\n<\/div><\/div>\t\t<\/div>\n\t\t\t\t<\/div>\n\t\t\t\t\t<\/div>\n\t\t<\/div>\n\t\t\t\t<div class=\"elementor-column elementor-col-33 elementor-inner-column elementor-element elementor-element-3c75e489\" data-id=\"3c75e489\" data-element_type=\"column\">\n\t\t\t<div class=\"elementor-widget-wrap elementor-element-populated\">\n\t\t\t\t\t\t\t\t<div class=\"elementor-element elementor-element-3f6feb44 elementor-widget elementor-widget-tm_icon_heading\" data-id=\"3f6feb44\" data-element_type=\"widget\" data-widget_type=\"tm_icon_heading.default\">\n\t\t\t\t<div class=\"elementor-widget-container\">\n\t\t\t\n<div class=\"themetechmount-iconbox themetechmount-iconbox-stylesix themetechmount-iconcolor-skincolor\">\n<div class=\"themetechmount-iconbox-inner\">\n\t\t<div class=\"tm-iconbox-wrapper\">\n\t\t\t<div class=\"themetechmount-iconbox-icon\">\n\t\t\t<div class=\"tm-box-icon\"><i class=\"kw_inoterior flaticon-apartment\"><\/i><\/div>\t\t\t<\/div>\n\t\t\t<div class=\"themetechmount-iconbox-heading\">\n\t\t\t\t<h2 class=\"tm-custom-heading\">\n\t\t\t\t\t\n\t\t\t\t\t\tBoligvisualisering\n\t\t\t\t\t\n\t\t\t\t\t<\/h2>\n\t\t\t\t\t\t\t\t\t\t\t\t<div class=\"tm-cta3-content-wrapper\">V\u00e5re fotorealistiske 3D-gjengivelser hjelper arkitekter, byggefirmaer og eiendomsmeglere med markedsf\u00f8ring<\/div>\t\t\t\t<div class=\"tm-iocnbox-btn\"><a href=\"\/no\/bostadsvisualisering\/\"><span>Les mer<\/span><\/a><\/div>\t\t\t<\/div>\t\n\t\t<\/div>\n\t<\/div>\t\n\n<\/div>\n\t\t<\/div>\n\t\t\t\t<\/div>\n\t\t\t\t\t<\/div>\n\t\t<\/div>\n\t\t\t\t<div class=\"elementor-column elementor-col-33 elementor-inner-column elementor-element elementor-element-359e740\" data-id=\"359e740\" data-element_type=\"column\">\n\t\t\t<div class=\"elementor-widget-wrap elementor-element-populated\">\n\t\t\t\t\t\t\t\t<div class=\"elementor-element elementor-element-16ba38d elementor-widget elementor-widget-tm_icon_heading\" data-id=\"16ba38d\" data-element_type=\"widget\" data-widget_type=\"tm_icon_heading.default\">\n\t\t\t\t<div class=\"elementor-widget-container\">\n\t\t\t\n<div class=\"themetechmount-iconbox themetechmount-iconbox-stylesix themetechmount-iconcolor-skincolor\">\n<div class=\"themetechmount-iconbox-inner\">\n\t\t<div class=\"tm-iconbox-wrapper\">\n\t\t\t<div class=\"themetechmount-iconbox-icon\">\n\t\t\t<div class=\"tm-box-icon\"><i class=\"fas fa-search\"><\/i><\/div>\t\t\t<\/div>\n\t\t\t<div class=\"themetechmount-iconbox-heading\">\n\t\t\t\t<h2 class=\"tm-custom-heading\">\n\t\t\t\t\t\n\t\t\t\t\t\tBoligvelger\n\t\t\t\t\t\n\t\t\t\t\t<\/h2>\n\t\t\t\t\t\t\t\t\t\t\t\t<div class=\"tm-cta3-content-wrapper\">Eiendomsvelger er et interaktivt verkt\u00f8y som gir et tydelig og informativt bilde av en eiendom.\n<\/div>\t\t\t\t<div class=\"tm-iocnbox-btn\"><a href=\"\/no\/bostadsvaljare\/\"><span>L\u00e4s mer<\/span><\/a><\/div>\t\t\t<\/div>\t\n\t\t<\/div>\n\t<\/div>\t\n\n<\/div>\n\t\t<\/div>\n\t\t\t\t<\/div>\n\t\t\t\t\t<\/div>\n\t\t<\/div>\n\t\t\t\t\t\t\t<\/div>\n\t\t<\/section>\n\t\t\t\t<section class=\"elementor-section elementor-inner-section elementor-element elementor-element-65791a03 tm-column-break-ipad-no tm-col-stretched-none elementor-section-boxed elementor-section-height-default elementor-section-height-default\" data-id=\"65791a03\" data-element_type=\"section\">\n\t\t\t\t\t\t<div class=\"elementor-container elementor-column-gap-no\">\n\t\t\t\t\t<div class=\"elementor-column elementor-col-33 elementor-inner-column elementor-element elementor-element-6da8f400\" data-id=\"6da8f400\" data-element_type=\"column\">\n\t\t\t<div class=\"elementor-widget-wrap elementor-element-populated\">\n\t\t\t\t\t\t\t\t<div class=\"elementor-element elementor-element-67eddd68 elementor-widget elementor-widget-tm_icon_heading\" data-id=\"67eddd68\" data-element_type=\"widget\" data-widget_type=\"tm_icon_heading.default\">\n\t\t\t\t<div class=\"elementor-widget-container\">\n\t\t\t\n<div class=\"themetechmount-iconbox themetechmount-iconbox-stylesix themetechmount-iconcolor-skincolor\">\n<div class=\"themetechmount-iconbox-inner\">\n\t\t<div class=\"tm-iconbox-wrapper\">\n\t\t\t<div class=\"themetechmount-iconbox-icon\">\n\t\t\t<div class=\"tm-box-icon\"><i class=\"fas fa-play\"><\/i><\/div>\t\t\t<\/div>\n\t\t\t<div class=\"themetechmount-iconbox-heading\">\n\t\t\t\t<h2 class=\"tm-custom-heading\">\n\t\t\t\t\t\n\t\t\t\t\t\t3D animering\n\t\t\t\t\t\n\t\t\t\t\t<\/h2>\n\t\t\t\t\t\t\t\t\t\t\t\t<div class=\"tm-cta3-content-wrapper\">V\u00e5re maskinanimasjoner og produktfilmer styrker kampanjer og merkevarer og \u00f8ker salget.<\/div>\t\t\t\t<div class=\"tm-iocnbox-btn\"><a href=\"\/no\/3d-animering\/\"><span>L\u00e4s mer<\/span><\/a><\/div>\t\t\t<\/div>\t\n\t\t<\/div>\n\t<\/div>\t\n\n<\/div>\n\t\t<\/div>\n\t\t\t\t<\/div>\n\t\t\t\t\t<\/div>\n\t\t<\/div>\n\t\t\t\t<div class=\"elementor-column elementor-col-33 elementor-inner-column elementor-element elementor-element-6ca7b0e7\" data-id=\"6ca7b0e7\" data-element_type=\"column\">\n\t\t\t<div class=\"elementor-widget-wrap elementor-element-populated\">\n\t\t\t\t\t\t\t\t<div class=\"elementor-element elementor-element-35450235 elementor-widget elementor-widget-tm_icon_heading\" data-id=\"35450235\" data-element_type=\"widget\" data-widget_type=\"tm_icon_heading.default\">\n\t\t\t\t<div class=\"elementor-widget-container\">\n\t\t\t\n<div class=\"themetechmount-iconbox themetechmount-iconbox-stylesix themetechmount-iconcolor-skincolor\">\n<div class=\"themetechmount-iconbox-inner\">\n\t\t<div class=\"tm-iconbox-wrapper\">\n\t\t\t<div class=\"themetechmount-iconbox-icon\">\n\t\t\t<div class=\"tm-box-icon\"><i class=\"fas fa-plane\"><\/i><\/div>\t\t\t<\/div>\n\t\t\t<div class=\"themetechmount-iconbox-heading\">\n\t\t\t\t<h2 class=\"tm-custom-heading\">\n\t\t\t\t\t\n\t\t\t\t\t\tProduktvisualisering\n\t\t\t\t\t\n\t\t\t\t\t<\/h2>\n\t\t\t\t\t\t\t\t\t\t\t\t<div class=\"tm-cta3-content-wrapper\">Vi modellerer dine fremtidige produkter under utviklingsprosessen, noe som sparer tid, penger og \u00f8ker salget.<\/div>\t\t\t\t<div class=\"tm-iocnbox-btn\"><a href=\"\/no\/3d-produktvisualisering\/\"><span>L\u00e4s mer<\/span><\/a><\/div>\t\t\t<\/div>\t\n\t\t<\/div>\n\t<\/div>\t\n\n<\/div>\n\t\t<\/div>\n\t\t\t\t<\/div>\n\t\t\t\t\t<\/div>\n\t\t<\/div>\n\t\t\t\t<div class=\"elementor-column elementor-col-33 elementor-inner-column elementor-element elementor-element-471a9d2\" data-id=\"471a9d2\" data-element_type=\"column\">\n\t\t\t<div class=\"elementor-widget-wrap elementor-element-populated\">\n\t\t\t\t\t\t\t\t<div class=\"elementor-element elementor-element-3262b711 elementor-widget elementor-widget-tm_icon_heading\" data-id=\"3262b711\" data-element_type=\"widget\" data-widget_type=\"tm_icon_heading.default\">\n\t\t\t\t<div class=\"elementor-widget-container\">\n\t\t\t\n<div class=\"themetechmount-iconbox themetechmount-iconbox-stylesix themetechmount-iconcolor-skincolor\">\n<div class=\"themetechmount-iconbox-inner\">\n\t\t<div class=\"tm-iconbox-wrapper\">\n\t\t\t<div class=\"themetechmount-iconbox-icon\">\n\t\t\t<div class=\"tm-box-icon\"><i class=\"kw_inoterior flaticon-interior-design-2\"><\/i><\/div>\t\t\t<\/div>\n\t\t\t<div class=\"themetechmount-iconbox-heading\">\n\t\t\t\t<h2 class=\"tm-custom-heading\">\n\t\t\t\t\t\n\t\t\t\t\t\tVirtuell omvisning\n\t\t\t\t\t\n\t\t\t\t\t<\/h2>\n\t\t\t\t\t\t\t\t\t\t\t\t<div class=\"tm-cta3-content-wrapper\">360\u00b0-bilder av interi\u00f8r og eksteri\u00f8r, med 2D-planl\u00f8sning, gangfunksjon og zoomfunksjon<\/div>\t\t\t\t<div class=\"tm-iocnbox-btn\"><a href=\"\/no\/virtuell-rundvandring-360\/\"><span>L\u00e4s mer<\/span><\/a><\/div>\t\t\t<\/div>\t\n\t\t<\/div>\n\t<\/div>\t\n\n<\/div>\n\t\t<\/div>\n\t\t\t\t<\/div>\n\t\t\t\t\t<\/div>\n\t\t<\/div>\n\t\t\t\t\t\t\t<\/div>\n\t\t<\/section>\n\t\t\t\t\t<\/div>\n\t\t<\/div>\n\t\t\t\t\t\t\t<\/div>\n\t\t<\/section>\n\t\t\t\t<section class=\"elementor-section elementor-top-section elementor-element elementor-element-e3212b4 tm-bgcolor-grey elementor-section-stretched tm-column-break-ipad-no tm-col-stretched-none elementor-section-boxed elementor-section-height-default elementor-section-height-default\" data-id=\"e3212b4\" data-element_type=\"section\" data-settings=\"{&quot;stretch_section&quot;:&quot;section-stretched&quot;}\">\n\t\t\t\t\t\t<div class=\"elementor-container elementor-column-gap-no\">\n\t\t\t\t\t<div class=\"elementor-column elementor-col-100 elementor-top-column elementor-element elementor-element-9936e3c tm-border-dash\" data-id=\"9936e3c\" data-element_type=\"column\">\n\t\t\t<div class=\"elementor-widget-wrap elementor-element-populated\">\n\t\t\t\t\t\t\t\t<div class=\"elementor-element elementor-element-5e42744 tm-align-center tm-2-column-view-tablet elementor-widget elementor-widget-tm_staticbox_element\" data-id=\"5e42744\" data-element_type=\"widget\" data-widget_type=\"tm_staticbox_element.default\">\n\t\t\t\t<div class=\"elementor-widget-container\">\n\t\t\t\n\t\t<div class=\"tm-element-heading-content-wrapper center-align tm-reverse-heading-yes tm-seperator-solid  tm-heading-style-vertical\"><div class=\"tm-content-header\"><h4 class=\"tm-element-subheading\">\n\t\t\t\tHur arbetar vi\n\t\t\t<\/h4>\n\t\t<h2 class=\"tm-element-content-heading\">\n\t\t\t\tS\u00e4ker process till prisv\u00e4rda 3D visualiseringar \n\t\t\t<\/h2>\n\t\t<\/div><\/div>\n\t\t<div class=\"themetechmount-stepboxes-wrapper tm-staticbox-style1 row multi-columns-row\">\n\n\t\t\n\t\t<div class=\"tm-stepbox col-md-3\"><div class=\"tm-stepbox-content\">\r\n\t<div class=\"tm-top-contentbox\">\r\n\t    <div class=\"tm-stepbox-main-icon\"><div class=\"tm-ptable-icon-wrapper\"><i class=\"kw_inoterior flaticon-email\"><\/i><\/div><\/div>\t<\/div>\r\n\t<div class=\"tm-bottom-contentbox\">\r\n\t\t    <div class=\"tm-box-title\"><h4> Offert<\/h4><\/div>\t\t    <div class=\"themetechmount-static-box-desc\">Vi skapar en kostnadsfri offert utifr\u00e5n en skiss, en bild eller A-ritningar inom 24 h. <\/div>\t\t\t\t<\/div>\r\n<\/div><\/div><div class=\"tm-stepbox col-md-3\"><div class=\"tm-stepbox-content\">\r\n\t<div class=\"tm-top-contentbox\">\r\n\t    <div class=\"tm-stepbox-main-icon\"><div class=\"tm-ptable-icon-wrapper\"><i class=\"fas fa-pencil-alt\"><\/i><\/div><\/div>\t<\/div>\r\n\t<div class=\"tm-bottom-contentbox\">\r\n\t\t    <div class=\"tm-box-title\"><h4>Modellering<\/h4><\/div>\t\t    <div class=\"themetechmount-static-box-desc\">Modellering av ett objekt eller produkt g\u00f6rs i program som 3D Max.<\/div>\t\t\t\t<\/div>\r\n<\/div><\/div><div class=\"tm-stepbox col-md-3\"><div class=\"tm-stepbox-content\">\r\n\t<div class=\"tm-top-contentbox\">\r\n\t    <div class=\"tm-stepbox-main-icon\"><div class=\"tm-ptable-icon-wrapper\"><i class=\"fas fa-paint-brush\"><\/i><\/div><\/div>\t<\/div>\r\n\t<div class=\"tm-bottom-contentbox\">\r\n\t\t    <div class=\"tm-box-title\"><h4>Rendering<\/h4><\/div>\t\t    <div class=\"themetechmount-static-box-desc\">Under renderingen skapar vi scenen, v\u00e4ljer r\u00e4tt material och st\u00e4ller in ljuset.<\/div>\t\t\t\t<\/div>\r\n<\/div><\/div><div class=\"tm-stepbox col-md-3\"><div class=\"tm-stepbox-content\">\r\n\t<div class=\"tm-top-contentbox\">\r\n\t    <div class=\"tm-stepbox-main-icon\"><div class=\"tm-ptable-icon-wrapper\"><i class=\"kw_inoterior flaticon-apartment\"><\/i><\/div><\/div>\t<\/div>\r\n\t<div class=\"tm-bottom-contentbox\">\r\n\t\t    <div class=\"tm-box-title\"><h4>Prisv\u00e4rd 3D bild<\/h4><\/div>\t\t    <div class=\"themetechmount-static-box-desc\">Leverans av den h\u00f6gkvalitativa, prisv\u00e4rda, 3D-stillbilden sker enligt avtalad tidsplan<\/div>\t\t\t\t<\/div>\r\n<\/div><\/div>\n\t\t<\/div>\n\n\t    \t\t<\/div>\n\t\t\t\t<\/div>\n\t\t\t\t\t<\/div>\n\t\t<\/div>\n\t\t\t\t\t\t\t<\/div>\n\t\t<\/section>\n\t\t\t\t\t\t\t<\/div>","protected":false},"excerpt":{"rendered":"<p>Om 3D tj\u00e4nster F\u00f6rdelar med 3D-visualisering inom arkitektur och design 3D-visualisering revolutionerar arkitektur och design genom att skapa realistiska digitala representationer. Denna teknik ger \u00f6kad insikt och f\u00f6rst\u00e5else f\u00f6r projektets utseende och k\u00e4nsla. Genom att anv\u00e4nda 3D-visualisering kan arkitekter och designers effektivt kommunicera id\u00e9er och skapa imponerande presentationer f\u00f6r sina kunder. 3D Tj\u00e4nster V\u00e5ra 3D-tj\u00e4nster &hellip; <a href=\"https:\/\/3dteam.se\/no\/3d-tjanster\/\" class=\"more-link\">Continue reading <span class=\"screen-reader-text\">Tjenester<\/span><\/a><\/p>","protected":false},"author":2,"featured_media":0,"parent":0,"menu_order":9,"comment_status":"closed","ping_status":"closed","template":"","meta":{"_monsterinsights_skip_tracking":false,"_monsterinsights_sitenote_active":false,"_monsterinsights_sitenote_note":"","_monsterinsights_sitenote_category":0,"footnotes":""},"class_list":["post-3191","page","type-page","status-publish","hentry"],"aioseo_notices":[],"_links":{"self":[{"href":"https:\/\/3dteam.se\/no\/wp-json\/wp\/v2\/pages\/3191","targetHints":{"allow":["GET"]}}],"collection":[{"href":"https:\/\/3dteam.se\/no\/wp-json\/wp\/v2\/pages"}],"about":[{"href":"https:\/\/3dteam.se\/no\/wp-json\/wp\/v2\/types\/page"}],"author":[{"embeddable":true,"href":"https:\/\/3dteam.se\/no\/wp-json\/wp\/v2\/users\/2"}],"replies":[{"embeddable":true,"href":"https:\/\/3dteam.se\/no\/wp-json\/wp\/v2\/comments?post=3191"}],"version-history":[{"count":0,"href":"https:\/\/3dteam.se\/no\/wp-json\/wp\/v2\/pages\/3191\/revisions"}],"wp:attachment":[{"href":"https:\/\/3dteam.se\/no\/wp-json\/wp\/v2\/media?parent=3191"}],"curies":[{"name":"wp","href":"https:\/\/api.w.org\/{rel}","templated":true}]}}